{"id":1407,"date":"2019-06-24T12:46:15","date_gmt":"2019-06-24T09:46:15","guid":{"rendered":"http:\/\/www.miasimanainen.info\/blogi\/?page_id=1407"},"modified":"2020-03-02T22:57:50","modified_gmt":"2020-03-02T20:57:50","slug":"spirituals-revisited","status":"publish","type":"page","link":"https:\/\/www.miasimanainen.info\/blogi\/spirituals-revisited\/","title":{"rendered":"Spirituals Revisited"},"content":{"rendered":"\n<p><strong>Juhani Aaltonen, tenorisaksofoni ja huilu<br>Mika Kallio, rummut <br>+<br><span style=\"text-decoration: underline;\">Quartet Ajaton:<\/span><br>Mia Simanainen, laulu<br>Kari Ikonen, moog-syntetisaattori<br>Mikko Perkola, viola da gamba<br>Henrik Sand\u00e5s, bandone\u00f3n<\/strong><\/p>\n\n\n\n<p style=\"color:#990f0f\" class=\"has-text-color\"><em>&#8220;Afroamerikkalaisten spirituaalien v\u00e4kivahvaa voimaa\u201d -Karjalainen<\/em><\/p>\n\n\n\n<figure class=\"wp-block-embed-youtube wp-block-embed is-type-video is-provider-youtube wp-embed-aspect-16-9 wp-has-aspect-ratio\"><div class=\"wp-block-embed__wrapper\">\n<iframe loading=\"lazy\" title=\"SPIRITUALS REVISITED\" width=\"525\" height=\"295\" src=\"https:\/\/www.youtube.com\/embed\/QtzXDjvXe3A?feature=oembed\" frameborder=\"0\" allow=\"accelerometer; autoplay; encrypted-media; gyroscope; picture-in-picture\" allowfullscreen><\/iframe>\n<\/div><\/figure>\n\n\n\n<p>Spirituals Revisited Ensemble esitt\u00e4\u00e4 rohkeita tulkintoja afroamerikkalaisista spirituaaleista poikkeavalla soitinkokoonpanollaan. Kuusij\u00e4senisen ensemblen erityislaatua korostaa saksofonisti Juhani Aaltosen vahva spirituaalinen henki ja solistinen voima. Yhtyeen sovitusten my\u00f6t\u00e4 vanhat s\u00e4velm\u00e4t &#8211; sek\u00e4 klassikot ett\u00e4 v\u00e4hemm\u00e4n soitetut &#8211; siirret\u00e4\u00e4n taiten historiallisesta muistista el\u00e4v\u00e4\u00e4n nykyisyyteen.<\/p>\n\n\n\n<p>Yhtye debytoi v. 2018 Joensuun Gospel-festivaaleilla ja Kuopion tuomiokirkossa. Tuotannosta vastaa Markku \u2019Jazzpastori\u2019 Salo.<\/p>\n\n\n\n<hr class=\"wp-block-separator\"\/>\n\n\n\n<h5>Spirituals Revisited<\/h5>\n\n\n\n<p><strong>Juhani Aaltonen, tenor saxophone &amp; flute<br>Mika Kallio, drums <br>+<br><span style=\"text-decoration: underline;\">Quartet Ajaton:<\/span><br>Mia Simanainen, vocals<br>Kari Ikonen, moog synthesizer<br>Mikko Perkola, viola da gamba<br>Henrik Sand\u00e5s, bandone\u00f3n<\/strong><br><br>Spirituals Revisited Ensemble presents bold interpretations of Afro-American Spirituals with its unusual instrumentation. The ensemble gets a special spark from saxophonist Juhani Aaltonens strong expression and spirit &#8211; hymns and melodies are carried to the present day with devotion. &nbsp;<br><br>The ensemble gave its debut at the Joensuu Gospel Festival and Kuopio Cathedral 2018. Production by Markku \u2019Jazzpastori\u2019 Salo.<\/p>\n\n\n\n<p><\/p>\n","protected":false},"excerpt":{"rendered":"<p>Juhani Aaltonen, tenorisaksofoni ja huiluMika Kallio, rummut +Quartet Ajaton:Mia Simanainen, lauluKari Ikonen, moog-syntetisaattoriMikko Perkola, viola da gambaHenrik Sand\u00e5s, bandone\u00f3n &#8220;Afroamerikkalaisten spirituaalien v\u00e4kivahvaa voimaa\u201d -Karjalainen Spirituals Revisited Ensemble esitt\u00e4\u00e4 rohkeita tulkintoja afroamerikkalaisista spirituaaleista poikkeavalla soitinkokoonpanollaan. Kuusij\u00e4senisen ensemblen erityislaatua korostaa saksofonisti Juhani Aaltosen vahva spirituaalinen henki ja solistinen voima. Yhtyeen sovitusten my\u00f6t\u00e4 vanhat s\u00e4velm\u00e4t &#8211; sek\u00e4 klassikot &hellip; <\/p>\n<p class=\"link-more\"><a href=\"https:\/\/www.miasimanainen.info\/blogi\/spirituals-revisited\/\" class=\"more-link\">Continue reading<span class=\"screen-reader-text\"> &#8220;Spirituals Revisited&#8221;<\/span><\/a><\/p>\n","protected":false},"author":2,"featured_media":1507,"parent":0,"menu_order":0,"comment_status":"closed","ping_status":"closed","template":"","meta":[],"_links":{"self":[{"href":"https:\/\/www.miasimanainen.info\/blogi\/wp-json\/wp\/v2\/pages\/1407"}],"collection":[{"href":"https:\/\/www.miasimanainen.info\/blogi\/wp-json\/wp\/v2\/pages"}],"about":[{"href":"https:\/\/www.miasimanainen.info\/blogi\/wp-json\/wp\/v2\/types\/page"}],"author":[{"embeddable":true,"href":"https:\/\/www.miasimanainen.info\/blogi\/wp-json\/wp\/v2\/users\/2"}],"replies":[{"embeddable":true,"href":"https:\/\/www.miasimanainen.info\/blogi\/wp-json\/wp\/v2\/comments?post=1407"}],"version-history":[{"count":8,"href":"https:\/\/www.miasimanainen.info\/blogi\/wp-json\/wp\/v2\/pages\/1407\/revisions"}],"predecessor-version":[{"id":1976,"href":"https:\/\/www.miasimanainen.info\/blogi\/wp-json\/wp\/v2\/pages\/1407\/revisions\/1976"}],"wp:featuredmedia":[{"embeddable":true,"href":"https:\/\/www.miasimanainen.info\/blogi\/wp-json\/wp\/v2\/media\/1507"}],"wp:attachment":[{"href":"https:\/\/www.miasimanainen.info\/blogi\/wp-json\/wp\/v2\/media?parent=1407"}],"curies":[{"name":"wp","href":"https:\/\/api.w.org\/{rel}","templated":true}]}}