{"id":1452,"date":"2019-06-25T11:35:43","date_gmt":"2019-06-25T08:35:43","guid":{"rendered":"http:\/\/www.miasimanainen.info\/blogi\/?page_id=1452"},"modified":"2021-01-24T17:34:08","modified_gmt":"2021-01-24T15:34:08","slug":"osta-buy-music","status":"publish","type":"page","link":"https:\/\/www.miasimanainen.info\/blogi\/osta-buy-music\/","title":{"rendered":"Stream, Download &#038; Purchase"},"content":{"rendered":"\n<h4>Quartet Ajaton &#8220;Early Music in the Latest Way&#8221; (Alba Records 2020)<\/h4>\n\n\n\n<div class=\"wp-block-media-text alignwide has-media-on-the-right\"><figure class=\"wp-block-media-text__media\"><img decoding=\"async\" loading=\"lazy\" width=\"795\" height=\"716\" src=\"http:\/\/www.miasimanainen.info\/blogi\/wp-content\/uploads\/2021\/01\/Levynkansi-Quartet-Ajaton-Alba-1.jpg\" alt=\"CD cover \/ Levynkansi\" class=\"wp-image-2265\" srcset=\"https:\/\/www.miasimanainen.info\/blogi\/wp-content\/uploads\/2021\/01\/Levynkansi-Quartet-Ajaton-Alba-1.jpg 795w, https:\/\/www.miasimanainen.info\/blogi\/wp-content\/uploads\/2021\/01\/Levynkansi-Quartet-Ajaton-Alba-1-300x270.jpg 300w, https:\/\/www.miasimanainen.info\/blogi\/wp-content\/uploads\/2021\/01\/Levynkansi-Quartet-Ajaton-Alba-1-768x692.jpg 768w, https:\/\/www.miasimanainen.info\/blogi\/wp-content\/uploads\/2021\/01\/Levynkansi-Quartet-Ajaton-Alba-1-10x10.jpg 10w, https:\/\/www.miasimanainen.info\/blogi\/wp-content\/uploads\/2021\/01\/Levynkansi-Quartet-Ajaton-Alba-1-600x540.jpg 600w\" sizes=\"(max-width: 767px) 89vw, (max-width: 1000px) 54vw, (max-width: 1071px) 543px, 580px\" \/><\/figure><div class=\"wp-block-media-text__content\">\n<p><strong>KUUNTELE | LISTEN<\/strong><\/p>\n\n\n\n<ul><li><a rel=\"noreferrer noopener\" aria-label=\"Soundcloud (opens in a new tab)\" href=\"https:\/\/soundcloud.com\/mia-simanainen\/sets\/quartet-ajaton-early-music-in-the-latest-way\" target=\"_blank\">Soundcloud<\/a><\/li><li><a href=\"https:\/\/youtu.be\/A8xrP6E8Ja4\" target=\"_blank\" rel=\"noreferrer noopener\" aria-label=\"Youtube (opens in a new tab)\">Youtube<\/a><\/li><\/ul>\n\n\n\n<p><strong>OSTA| BUY<\/strong><\/p>\n\n\n\n<ul><li><a rel=\"noreferrer noopener\" aria-label=\"Alba Records -verkkokauppa (opens in a new tab)\" href=\"https:\/\/www.alba.fi\/kauppa\/tuotteet\/5391\" target=\"_blank\">Alba Records -verkkokauppa<\/a><\/li><li><a href=\"https:\/\/holvi.com\/shop\/kariikonen\/\" target=\"_blank\" rel=\"noreferrer noopener\" aria-label=\"Kari Ikonen Oy \/ Holvi (opens in a new tab)\">Kari Ikonen Oy \/ Holvi<\/a><\/li><\/ul>\n\n\n\n<p><\/p>\n<\/div><\/div>\n\n\n\n<h4>Mia Simanainen &#8220;Soi Helvi Juvonen&#8221; (2020)                                                                                                                       <\/h4>\n\n\n\n<div class=\"wp-block-media-text alignwide has-media-on-the-right\" style=\"grid-template-columns:auto 60%\"><figure class=\"wp-block-media-text__media\"><img decoding=\"async\" loading=\"lazy\" width=\"1024\" height=\"1024\" src=\"http:\/\/www.miasimanainen.info\/blogi\/wp-content\/uploads\/2020\/02\/3000x3000_mia-kopio-1-1024x1024.jpg\" alt=\"\" class=\"wp-image-1849\" srcset=\"https:\/\/www.miasimanainen.info\/blogi\/wp-content\/uploads\/2020\/02\/3000x3000_mia-kopio-1-1024x1024.jpg 1024w, https:\/\/www.miasimanainen.info\/blogi\/wp-content\/uploads\/2020\/02\/3000x3000_mia-kopio-1-150x150.jpg 150w, https:\/\/www.miasimanainen.info\/blogi\/wp-content\/uploads\/2020\/02\/3000x3000_mia-kopio-1-300x300.jpg 300w, https:\/\/www.miasimanainen.info\/blogi\/wp-content\/uploads\/2020\/02\/3000x3000_mia-kopio-1-768x768.jpg 768w, https:\/\/www.miasimanainen.info\/blogi\/wp-content\/uploads\/2020\/02\/3000x3000_mia-kopio-1-100x100.jpg 100w, https:\/\/www.miasimanainen.info\/blogi\/wp-content\/uploads\/2020\/02\/3000x3000_mia-kopio-1-10x10.jpg 10w, https:\/\/www.miasimanainen.info\/blogi\/wp-content\/uploads\/2020\/02\/3000x3000_mia-kopio-1-600x600.jpg 600w, https:\/\/www.miasimanainen.info\/blogi\/wp-content\/uploads\/2020\/02\/3000x3000_mia-kopio-1.jpg 1920w\" sizes=\"(max-width: 767px) 89vw, (max-width: 1000px) 54vw, (max-width: 1071px) 543px, 580px\" \/><\/figure><div class=\"wp-block-media-text__content\">\n<p class=\"has-normal-font-size\"><strong>KUUNTELE | LISTEN<\/strong><br><a rel=\"noreferrer noopener\" aria-label=\"Deezer (opens in a new tab)\" href=\"https:\/\/www.deezer.com\/album\/134538782?utm_source=deezer&amp;utm_content=album-134538782&amp;utm_term=3542714044_1584721533&amp;utm_medium=web\" target=\"_blank\">Deezer<\/a><br><a rel=\"noreferrer noopener\" aria-label=\"Spotify (opens in a new tab)\" href=\"jfopeh0vqz7vvvzv1ffq25l1d\" target=\"_blank\">Spotify<\/a><br><a href=\"https:\/\/music.apple.com\/fi\/album\/soi-helvi-juvonen\/1502558427?l=fi\" target=\"_blank\" rel=\"noreferrer noopener\" aria-label=\"Apple Music (opens in a new tab)\">Apple Music<\/a><\/p>\n\n\n\n<p><strong>OSTA<\/strong> <strong>| BUY<\/strong><br> <a rel=\"noreferrer noopener\" aria-label=\"Google Play (opens in a new tab)\" href=\"https:\/\/play.google.com\/store\/search?q=mia%20simanainen&amp;c=music\" target=\"_blank\">Google Play<\/a><br> <a href=\"https:\/\/digeliusmusic.mycashflow.fi\/\" target=\"_blank\" rel=\"noreferrer noopener\" aria-label=\"Digelius Music (opens in a new tab)\">Digelius Music<\/a><br> <a rel=\"noreferrer noopener\" aria-label=\"Amazon (opens in a new tab)\" href=\"https:\/\/www.amazon.com\/Soi-Helvi-Juvonen-Mia-Simanainen\/dp\/B085DTQQQV\/ref=sr_1_1?keywords=mia+simanainen&amp;qid=1584734496&amp;sr=8-1\" target=\"_blank\">Amazon<\/a><\/p>\n\n\n\n<p><\/p>\n<\/div><\/div>\n\n\n\n<h4>Quartet Ajaton \u201dElixir\u201d (Eclipse Music 2016)<\/h4>\n\n\n\n<div class=\"wp-block-image\"><figure class=\"alignright is-resized\"><img decoding=\"async\" loading=\"lazy\" src=\"http:\/\/www.miasimanainen.info\/blogi\/wp-content\/uploads\/2012\/05\/Ajaton_ElixiriTunes-1024x1024.jpg\" alt=\"\" class=\"wp-image-1205\" width=\"288\" height=\"288\" srcset=\"https:\/\/www.miasimanainen.info\/blogi\/wp-content\/uploads\/2012\/05\/Ajaton_ElixiriTunes-1024x1024.jpg 1024w, https:\/\/www.miasimanainen.info\/blogi\/wp-content\/uploads\/2012\/05\/Ajaton_ElixiriTunes-150x150.jpg 150w, https:\/\/www.miasimanainen.info\/blogi\/wp-content\/uploads\/2012\/05\/Ajaton_ElixiriTunes-300x300.jpg 300w, https:\/\/www.miasimanainen.info\/blogi\/wp-content\/uploads\/2012\/05\/Ajaton_ElixiriTunes-10x10.jpg 10w, https:\/\/www.miasimanainen.info\/blogi\/wp-content\/uploads\/2012\/05\/Ajaton_ElixiriTunes-600x600.jpg 600w, https:\/\/www.miasimanainen.info\/blogi\/wp-content\/uploads\/2012\/05\/Ajaton_ElixiriTunes-100x100.jpg 100w, https:\/\/www.miasimanainen.info\/blogi\/wp-content\/uploads\/2012\/05\/Ajaton_ElixiriTunes.jpg 1600w\" sizes=\"(max-width: 288px) 100vw, 288px\" \/><\/figure><\/div>\n\n\n\n<p><strong>KUUNTELE | LISTEN<\/strong><br> <a rel=\"noreferrer noopener\" aria-label=\"Bandcamp (opens in a new tab)\" href=\"https:\/\/eclipsemusicrecordlabel.bandcamp.com\/album\/elixir\" target=\"_blank\">Bandcamp<\/a><br> <a rel=\"noreferrer noopener\" aria-label=\"Deezer (opens in a new tab)\" href=\"https:\/\/www.deezer.com\/sv\/album\/80109862\" target=\"_blank\">Deezer<\/a><br> <a rel=\"noreferrer noopener\" aria-label=\"Spotify (opens in a new tab)\" href=\"https:\/\/open.spotify.com\/artist\/1NiSDAU3eB35PxjCQHO9wW?si=44bcJdovRCaeKbKOiKp9OA\" target=\"_blank\">Spotify<\/a><br> <a rel=\"noreferrer noopener\" aria-label=\"Apple Music (opens in a new tab)\" href=\"https:\/\/music.apple.com\/fi\/album\/elixir\/1151902008?l=fi\" target=\"_blank\">Apple Music<\/a><\/p>\n\n\n\n<p><strong>OSTA<\/strong> <strong>| BUY<\/strong><br> <a rel=\"noreferrer noopener\" aria-label=\"Google Play (opens in a new tab)\" href=\"https:\/\/play.google.com\/store\/music\/album\/Ajaton_Quartet_Elixir?id=Bb5xvrednomwoiwoyw3bo4syavm&amp;hl=en\" target=\"_blank\">Google Play<\/a><br> <a rel=\"noreferrer noopener\" aria-label=\"Digelius Music (opens in a new tab)\" href=\"https:\/\/digeliusmusic.mycashflow.fi\/product\/3177\/quartet-ajaton-elixir-lp\" target=\"_blank\">Digelius Music<\/a><br> <a rel=\"noreferrer noopener\" aria-label=\"Amazon (opens in a new tab)\" href=\"https:\/\/www.amazon.com\/Elixir-Ajaton-Quartet\/dp\/B01M627P17\/ref=sr_1_1?keywords=quartet+ajaton&amp;qid=1562099820&amp;s=gateway&amp;sr=8-1\" target=\"_blank\">Amazon<\/a><br> <a rel=\"noreferrer noopener\" aria-label=\"CDon (opens in a new tab)\" href=\"https:\/\/cdon.fi\/musiikki\/ajaton-quartet\/elixir-38876389\" target=\"_blank\">CDon<\/a><br> <a href=\"https:\/\/store.cdbaby.com\/cd\/ajatonkvartetti\">CDbaby<\/a> <br> <a rel=\"noreferrer noopener\" aria-label=\"Levykauppa \u00c4x (opens in a new tab)\" href=\"https:\/\/www.levykauppax.fi\/artist\/ajaton_quartet\/elixir\/#489171\" target=\"_blank\">Levykauppa \u00c4x<\/a><\/p>\n\n\n\n<h4>Mia Simanainen &amp; Ahava \u201dMatka\u201d (Eclipse Music 2011)<\/h4>\n\n\n\n<div class=\"wp-block-image\"><figure class=\"alignright is-resized\"><img decoding=\"async\" loading=\"lazy\" src=\"http:\/\/www.miasimanainen.info\/blogi\/wp-content\/uploads\/2019\/07\/Ahava-matka-2011-levynkansi.jpg\" alt=\"\" class=\"wp-image-1539\" width=\"290\" height=\"256\"\/><\/figure><\/div>\n\n\n\n<p><strong>KUUNTELE | LISTEN          <br><\/strong> <a rel=\"noreferrer noopener\" aria-label=\"Bandcamp  (opens in a new tab)\" href=\"https:\/\/eclipsemusicrecordlabel.bandcamp.com\/album\/matka\" target=\"_blank\">Bandcamp <\/a><br> <a rel=\"noreferrer noopener\" aria-label=\"Apple Music (opens in a new tab)\" href=\"https:\/\/music.apple.com\/fi\/album\/matka\/571556867?l=fi\" target=\"_blank\">Apple Music<\/a><br> <a rel=\"noreferrer noopener\" aria-label=\"Deezer (opens in a new tab)\" href=\"https:\/\/www.deezer.com\/sv\/album\/7267243\" target=\"_blank\">Deezer<\/a><br> <a rel=\"noreferrer noopener\" aria-label=\"Spotify (opens in a new tab)\" href=\"https:\/\/open.spotify.com\/artist\/7KegX6lponsKb2VMWsBAMo?si=jLa-51MdTeeCt_wE7lMcAg\" target=\"_blank\">Spotify<\/a><\/p>\n\n\n\n<p><strong>OSTA<\/strong> <strong>| BUY<\/strong><br><a rel=\"noreferrer noopener\" aria-label=\" Google Play \n (opens in a new tab)\" href=\"https:\/\/play.google.com\/store\/music\/album\/Mia_Simanainen_Ahava_Matka?id=B2nol6ztdlwmscavkzlksyje6si&amp;hl=en\" target=\"_blank\"> Google Play <br><\/a> <a rel=\"noreferrer noopener\" aria-label=\"Amazon (opens in a new tab)\" href=\"https:\/\/www.amazon.com\/Matka-Mia-Simanainen-Ahava\/dp\/B009S8NU84\/ref=sr_1_1?keywords=mia+simanainen&amp;qid=1562099905&amp;s=gateway&amp;sr=8-1\" target=\"_blank\">Amazon<\/a><br> <a rel=\"noreferrer noopener\" aria-label=\"CDon (opens in a new tab)\" href=\"https:\/\/cdon.fi\/musiikki\/mia-simanainen-ahava\/matka-21599074\" target=\"_blank\">CDon<\/a><br> <a href=\"https:\/\/store.cdbaby.com\/cd\/ahava2\">CDbaby<\/a> <br> <a rel=\"noreferrer noopener\" aria-label=\"Levykauppa \u00c4x (opens in a new tab)\" href=\"https:\/\/www.levykauppax.fi\/artist\/ahava\/matka\/#329178\" target=\"_blank\">Levykauppa \u00c4x<\/a><\/p>\n\n\n\n<h4>JimJamMurMur (Texicalli 2009)<\/h4>\n\n\n\n<div class=\"wp-block-image\"><figure class=\"alignright is-resized\"><img decoding=\"async\" loading=\"lazy\" src=\"http:\/\/www.miasimanainen.info\/blogi\/wp-content\/uploads\/2019\/07\/JimJamMurMur.jpg\" alt=\"\" class=\"wp-image-1540\" width=\"289\" height=\"260\"\/><\/figure><\/div>\n\n\n\n<p><strong>KUUNTELE | LISTEN<\/strong><br> <a rel=\"noreferrer noopener\" aria-label=\"Apple Music (opens in a new tab)\" href=\"https:\/\/music.apple.com\/fi\/artist\/jimjammurmur\/1019188874?l=fi\" target=\"_blank\">Apple Music<\/a><br> <a rel=\"noreferrer noopener\" aria-label=\"Google Play (opens in a new tab)\" href=\"https:\/\/play.google.com\/store\/music\/album\/JimJamMurMur_A_Cappella_Vocal_Group?id=B377ry5a2kdttq2x5wqn775qona&amp;hl=en\" target=\"_blank\">Google Play<\/a><br><\/p>\n\n\n\n<p><strong>OSTA<\/strong> <strong>| BUY<\/strong><br> <a rel=\"noreferrer noopener\" aria-label=\"Amazon (opens in a new tab)\" href=\"https:\/\/www.amazon.com\/Cappella-Vocal-Group-JimJamMurMur\/dp\/B011RQ5406\/ref=sr_1_2?keywords=jimjammurmur&amp;qid=1562100028&amp;s=gateway&amp;sr=8-2\" target=\"_blank\">Amazon<\/a> <\/p>\n\n\n\n<p><\/p>\n\n\n\n<h4>JimJamMurMur \u201dLauluhilloa Lapsenmielisille\u201d (2005) <\/h4>\n\n\n\n<p>Painos l\u00e4hes loppu, kysy viimeisi\u00e4 kappaleita Mialta, Digelius-levykaupasta tai jakelijalta: T\u00f6\u00f6l\u00f6n musiikkitukku.<\/p>\n\n\n\n<div class=\"wp-block-image\"><figure class=\"alignright is-resized\"><img decoding=\"async\" loading=\"lazy\" src=\"http:\/\/www.miasimanainen.info\/blogi\/wp-content\/uploads\/2012\/05\/levykuva.jpg\" alt=\"\" class=\"wp-image-598\" width=\"145\" height=\"140\"\/><\/figure><\/div>\n\n\n\n<p><strong>KUUNTELE<\/strong> <strong>| LISTEN<\/strong><br><a rel=\"noreferrer noopener\" aria-label=\"Soundcloud (opens in a new tab)\" href=\"https:\/\/soundcloud.com\/mia-simanainen\/jimjammurmur\" target=\"_blank\">Soundcloud<\/a><\/p>\n\n\n\n<p><strong>OSTA&nbsp;| BUY<\/strong><br><a rel=\"noreferrer noopener\" href=\"https:\/\/www.discogs.com\/Jim-Jam-Mur-Mur-Lauluhilloa-Lapsenmielisille\/release\/4841987\" target=\"_blank\">Discogs<\/a><\/p>\n\n\n\n<h4>Ahava (Fiasko Records 2001) <\/h4>\n\n\n\n<div class=\"wp-block-image\"><figure class=\"alignright is-resized\"><img decoding=\"async\" loading=\"lazy\" src=\"http:\/\/www.miasimanainen.info\/blogi\/wp-content\/uploads\/2019\/07\/Ahava.jpg\" alt=\"\" class=\"wp-image-1621\" width=\"288\" height=\"255\"\/><\/figure><\/div>\n\n\n\n<p><strong>KUUNTELE<\/strong> <strong>| LISTEN<\/strong><br><a href=\"https:\/\/soundcloud.com\/mia-simanainen\/lilya-this-beautiful-moment\" target=\"_blank\" rel=\"noreferrer noopener\" aria-label=\"Soundcloud (opens in a new tab)\">Soundcloud<\/a><\/p>\n\n\n\n<p><strong>OSTA<\/strong> <strong>| BUY<\/strong><br><a rel=\"noreferrer noopener\" aria-label=\"Discogs (opens in a new tab)\" href=\"https:\/\/www.discogs.com\/label\/489864-Fiasko-Records)\" target=\"_blank\">Discogs<\/a><\/p>\n","protected":false},"excerpt":{"rendered":"<p>Quartet Ajaton &#8220;Early Music in the Latest Way&#8221; (Alba Records 2020) KUUNTELE | LISTEN Soundcloud Youtube OSTA| BUY Alba Records -verkkokauppa Kari Ikonen Oy \/ Holvi Mia Simanainen &#8220;Soi Helvi Juvonen&#8221; (2020) KUUNTELE | LISTENDeezerSpotifyApple Music OSTA | BUY Google Play Digelius Music Amazon Quartet Ajaton \u201dElixir\u201d (Eclipse Music 2016) KUUNTELE | LISTEN Bandcamp Deezer &hellip; <\/p>\n<p class=\"link-more\"><a href=\"https:\/\/www.miasimanainen.info\/blogi\/osta-buy-music\/\" class=\"more-link\">Continue reading<span class=\"screen-reader-text\"> &#8220;Stream, Download &#038; Purchase&#8221;<\/span><\/a><\/p>\n","protected":false},"author":2,"featured_media":0,"parent":0,"menu_order":0,"comment_status":"closed","ping_status":"closed","template":"","meta":[],"_links":{"self":[{"href":"https:\/\/www.miasimanainen.info\/blogi\/wp-json\/wp\/v2\/pages\/1452"}],"collection":[{"href":"https:\/\/www.miasimanainen.info\/blogi\/wp-json\/wp\/v2\/pages"}],"about":[{"href":"https:\/\/www.miasimanainen.info\/blogi\/wp-json\/wp\/v2\/types\/page"}],"author":[{"embeddable":true,"href":"https:\/\/www.miasimanainen.info\/blogi\/wp-json\/wp\/v2\/users\/2"}],"replies":[{"embeddable":true,"href":"https:\/\/www.miasimanainen.info\/blogi\/wp-json\/wp\/v2\/comments?post=1452"}],"version-history":[{"count":42,"href":"https:\/\/www.miasimanainen.info\/blogi\/wp-json\/wp\/v2\/pages\/1452\/revisions"}],"predecessor-version":[{"id":2266,"href":"https:\/\/www.miasimanainen.info\/blogi\/wp-json\/wp\/v2\/pages\/1452\/revisions\/2266"}],"wp:attachment":[{"href":"https:\/\/www.miasimanainen.info\/blogi\/wp-json\/wp\/v2\/media?parent=1452"}],"curies":[{"name":"wp","href":"https:\/\/api.w.org\/{rel}","templated":true}]}}