{"id":1788,"date":"2020-01-09T17:43:43","date_gmt":"2020-01-09T15:43:43","guid":{"rendered":"http:\/\/www.miasimanainen.info\/blogi\/?page_id=1788"},"modified":"2024-02-29T14:32:21","modified_gmt":"2024-02-29T12:32:21","slug":"soi-helvi-juvonen","status":"publish","type":"page","link":"https:\/\/www.miasimanainen.info\/blogi\/soi-helvi-juvonen\/","title":{"rendered":"Soi Helvi Juvonen"},"content":{"rendered":"\r\n<figure class=\"wp-block-image\"><img decoding=\"async\" loading=\"lazy\" width=\"1024\" height=\"664\" class=\"wp-image-1823\" src=\"http:\/\/www.miasimanainen.info\/blogi\/wp-content\/uploads\/2020\/02\/kansi1-1-1024x664.jpg\" alt=\"\" srcset=\"https:\/\/www.miasimanainen.info\/blogi\/wp-content\/uploads\/2020\/02\/kansi1-1-1024x664.jpg 1024w, https:\/\/www.miasimanainen.info\/blogi\/wp-content\/uploads\/2020\/02\/kansi1-1-300x195.jpg 300w, https:\/\/www.miasimanainen.info\/blogi\/wp-content\/uploads\/2020\/02\/kansi1-1-768x498.jpg 768w, https:\/\/www.miasimanainen.info\/blogi\/wp-content\/uploads\/2020\/02\/kansi1-1-10x6.jpg 10w, https:\/\/www.miasimanainen.info\/blogi\/wp-content\/uploads\/2020\/02\/kansi1-1-600x389.jpg 600w\" sizes=\"(max-width: 767px) 89vw, (max-width: 1000px) 54vw, (max-width: 1071px) 543px, 580px\" \/>\r\n<figcaption>Kansitaide \/ Cover Art by Tanja Ahola.<\/figcaption>\r\n<\/figure>\r\n\r\n\r\n\r\n<h5>Levyalbumin tiedot<\/h5>\r\n\r\n\r\n\r\n<p>MIA SIMANAINEN Laulu, s\u00e4vellykset, konsepti, tuotanto<br \/><br \/>HELVI JUVONEN (1919-59) Runot paitsi Prologi &#8211; Etsi<\/p>\r\n<p>JOONAS OUTAKOSKI \/ Aave Sound<br \/>\u00c4\u00e4nitys, miksaus &amp; \u00e4\u00e4nituotanto; \u00e4\u00e4nellinen sovittaminen ja \u00e4\u00e4nisynteesi<br \/><br \/><\/p>\r\n\r\n\r\n\r\n<p>Muutamaa poikkeusta lukuunottamatta albumin koko \u00e4\u00e4nimaisema on luotu laulu\u00e4\u00e4nt\u00e4ni \u00e4\u00e4nitt\u00e4m\u00e4ll\u00e4 ja muokkaamalla. \u00c4\u00e4nitetty Villa Vikanissa Raaseporissa 2017, sek\u00e4 Orion Base -studiossa Vallilassa, Helsingiss\u00e4 2019. Runot levyll\u00e4 on julkaistu oikeudenomistajan luvalla.<\/p>\r\n\r\n\r\n\r\n<p>Masterointi: Virtal\u00e4hde Mastering<br \/>Valokuvat ja kansitaide: Tanja Ahola<br \/>Vintage kimono: M\/SK\/S &#8211; Frank\/ie (miskis.fi)<br \/>L\u00e4mmin kiitos ty\u00f6skentelytuesta: Taike, MES.<\/p>\r\n\r\n\r\n<hr class=\"wp-block-separator\" \/>\r\n\r\n\r\n<h5>The Album Information<\/h5>\r\n\r\n\r\n\r\n<p>MIA SIMANAINEN Compositions, Vocals, Production<\/p>\r\n\r\n\r\n\r\n<p>HELVI JUVONEN (1919-1959)\u00a0 Poems except Prologi &#8211; Etsi<\/p>\r\n\r\n\r\n\r\n<p>JOONAS OUTAKOSKI \/Aave Sound\u00a0\u00a0\u00a0\u00a0\u00a0\u00a0\u00a0\u00a0\u00a0\u00a0\u00a0\u00a0\u00a0\u00a0\u00a0\u00a0\u00a0\u00a0\u00a0\u00a0\u00a0\u00a0\u00a0\u00a0\u00a0\u00a0\u00a0\u00a0\u00a0\u00a0\u00a0\u00a0\u00a0\u00a0\u00a0\u00a0\u00a0\u00a0\u00a0\u00a0\u00a0\u00a0\u00a0\u00a0\u00a0\u00a0\u00a0\u00a0\u00a0\u00a0\u00a0\u00a0\u00a0\u00a0\u00a0\u00a0\u00a0\u00a0\u00a0\u00a0\u00a0\u00a0\u00a0\u00a0\u00a0\u00a0\u00a0\u00a0\u00a0\u00a0 Recording, Mixing &amp; Sound production; Arrangements &amp; Sound Synthesis<br \/><br \/><\/p>\r\n\r\n\r\n\r\n<p>With a few exceptions, the album\u2019s soundscape were entirely created by recording and modifying the vocals of Mia Simanainen.<br \/>Recorded at Villa Vikan in Raasepori 2017 and at Orion Base -studio in Vallila, Helsinki 2019.<br \/>The poems on the CD cover are published with the permission of the right holder.<\/p>\r\n\r\n\r\n\r\n<p>Mastered by Virtal\u00e4hde Mastering<br \/>Photos and Cover Art &amp; Design by Tanja Ahola<\/p>\r\n\r\n\r\n\r\n<p>Vintage Kimono: M\/SK\/S &#8211; Frank\/ie (miskis.fi)<br \/>Warm thanks for the support of artistic work: Taike, MES.<\/p>\r\n\r\n\r\n<hr class=\"wp-block-separator\" \/>\r\n\r\n\r\n<h5>Nauru | Track 2<\/h5>\r\n\r\n\r\n\r\n<p>Alla linkki Nauru-kappaleen siihen versioon, jota k\u00e4ytettiin muistojen kaikuna levyll\u00e4.<\/p>\r\n\r\n\r\n\r\n<p class=\"has-text-color\" style=\"color: #145976;\">Composition &amp; vocals: Mia Simanainen<br \/>Poem: Helvi Juvonen (1919-59)<br \/>Piano: Kari Ikonen<br \/>Bass: S\u00e9bastien Boisseau<\/p>\r\n\r\n\r\n\r\n<p class=\"has-text-color\" style=\"color: #194863;\">This version was recorded at home, and it was used as an &#8220;echo of memories&#8221; in the 2nd track of the album &#8220;Soi Helvi Juvonen&#8221;<\/p>\r\n\r\n\r\n\r\n<figure><iframe loading=\"lazy\" src=\"https:\/\/w.soundcloud.com\/player\/?url=https%3A\/\/api.soundcloud.com\/tracks\/767347921&amp;color=%2384846c&amp;auto_play=false&amp;hide_related=false&amp;show_comments=true&amp;show_user=true&amp;show_reposts=false&amp;show_teaser=true&amp;visual=true\" width=\"100%\" height=\"300\"><\/iframe><\/figure>\r\n\r\n\r\n<hr class=\"wp-block-separator\" \/>\r\n\r\n\r\n<h5>pohjaj\u00e4\u00e4t\u00e4 &#8211; Bottom Ice | track 5<\/h5>\r\n\r\n\r\n\r\n<p>Albumin tuokiokuvassa el\u00e4m\u00e4n syvempi ilo ja kirkkaus tiivistyy perusasioiden \u00e4\u00e4relle. Papan kellon tikitys antaa raamit hartaalle sopansy\u00f6nnille. \u00c4\u00e4nimaisema muistuttaa lapsuudessa isovanhempien luona koettua, ja sit\u00e4 t\u00e4ydent\u00e4\u00e4 radiosta soiva Bottom Ice, jonka esitt\u00e4\u00e4 Quartet Ajaton. Runon k\u00e4\u00e4nn\u00f6s: Martin Allwood.<\/p>\r\n\r\n\r\n\r\n<p class=\"has-text-color\" style=\"color: #073e56;\">This moment presents something essential about life. The soundscape is realistic, but the world is past, reminding me of the moments that I have experienced in childhood with my grandparents. Bottom Ice played on the radio is performed by Quartet Ajaton. The poem translated by Martin Allwood.<\/p>\r\n\r\n\r\n\r\n<figure class=\"wp-block-embed-vimeo wp-block-embed is-type-video is-provider-vimeo wp-embed-aspect-21-9 wp-has-aspect-ratio\">\r\n<div class=\"wp-block-embed__wrapper\">https:\/\/vimeo.com\/276305422<\/div>\r\n<figcaption>Helvi Juvonen&#8217;s poem Pohjaj\u00e4\u00e4t\u00e4 translated by Martin Allwood, composed by Mia Simanainen and performed here by Quartet Ajaton.<\/figcaption>\r\n<\/figure>\r\n","protected":false},"excerpt":{"rendered":"<p>Levyalbumin tiedot MIA SIMANAINEN Laulu, s\u00e4vellykset, konsepti, tuotanto HELVI JUVONEN (1919-59) Runot paitsi Prologi &#8211; Etsi JOONAS OUTAKOSKI \/ Aave Sound\u00c4\u00e4nitys, miksaus &amp; \u00e4\u00e4nituotanto; \u00e4\u00e4nellinen sovittaminen ja \u00e4\u00e4nisynteesi Muutamaa poikkeusta lukuunottamatta albumin koko \u00e4\u00e4nimaisema on luotu laulu\u00e4\u00e4nt\u00e4ni \u00e4\u00e4nitt\u00e4m\u00e4ll\u00e4 ja muokkaamalla. \u00c4\u00e4nitetty Villa Vikanissa Raaseporissa 2017, sek\u00e4 Orion Base -studiossa Vallilassa, Helsingiss\u00e4 2019. Runot levyll\u00e4 on &hellip; <\/p>\n<p class=\"link-more\"><a href=\"https:\/\/www.miasimanainen.info\/blogi\/soi-helvi-juvonen\/\" class=\"more-link\">Continue reading<span class=\"screen-reader-text\"> &#8220;Soi Helvi Juvonen&#8221;<\/span><\/a><\/p>\n","protected":false},"author":2,"featured_media":0,"parent":0,"menu_order":2,"comment_status":"closed","ping_status":"closed","template":"","meta":[],"_links":{"self":[{"href":"https:\/\/www.miasimanainen.info\/blogi\/wp-json\/wp\/v2\/pages\/1788"}],"collection":[{"href":"https:\/\/www.miasimanainen.info\/blogi\/wp-json\/wp\/v2\/pages"}],"about":[{"href":"https:\/\/www.miasimanainen.info\/blogi\/wp-json\/wp\/v2\/types\/page"}],"author":[{"embeddable":true,"href":"https:\/\/www.miasimanainen.info\/blogi\/wp-json\/wp\/v2\/users\/2"}],"replies":[{"embeddable":true,"href":"https:\/\/www.miasimanainen.info\/blogi\/wp-json\/wp\/v2\/comments?post=1788"}],"version-history":[{"count":22,"href":"https:\/\/www.miasimanainen.info\/blogi\/wp-json\/wp\/v2\/pages\/1788\/revisions"}],"predecessor-version":[{"id":2570,"href":"https:\/\/www.miasimanainen.info\/blogi\/wp-json\/wp\/v2\/pages\/1788\/revisions\/2570"}],"wp:attachment":[{"href":"https:\/\/www.miasimanainen.info\/blogi\/wp-json\/wp\/v2\/media?parent=1788"}],"curies":[{"name":"wp","href":"https:\/\/api.w.org\/{rel}","templated":true}]}}