{"id":27,"date":"2008-09-09T17:42:54","date_gmt":"2008-09-09T14:42:54","guid":{"rendered":"http:\/\/www.miasimanainen.info\/blogi\/?page_id=27"},"modified":"2020-03-03T12:57:23","modified_gmt":"2020-03-03T10:57:23","slug":"nokare","status":"publish","type":"page","link":"https:\/\/www.miasimanainen.info\/blogi\/nokare\/","title":{"rendered":"<!--:fi-->Duo Nokare<!--:-->"},"content":{"rendered":"\n<p><strong>Kaisa Kulmala, piano<br>Mia Simanainen, laulu<\/strong><\/p>\n\n\n\n<p>Kipakka Nokare esitt\u00e4\u00e4 tunteikkaita ja oivaltavia sovituksiaan omista ja lainakappaleista jazzin hengess\u00e4. Vuonna 2007 perustettu yhtye esiintyi aktiivisesti Suomessa ja teki konserttimatkan my\u00f6s Islantiin. Lis\u00e4ksi kaksikko ty\u00f6sti suositun musiikkisatu-ohjelman \u2019Polly Papukaijan lomamatka\u2019. Yle on taltioinut ohjelmista kumpaisenkin. &nbsp;<\/p>\n\n\n\n<hr class=\"wp-block-separator\"\/>\n\n\n\n<h5>Duo Nokare<\/h5>\n\n\n<p><!--:fi--><\/p>\n<p><strong>Kaisa Kulmala, piano<br>Mia Simanainen, vocals<\/strong><\/p>\n<p><span style=\"font-weight: 400;\">This dynamic couple sparkles with their insightful jazz flavoured arrangements. Formed 2007, the duo plays its own compositions, improvises, and chooses to arrange any song they want, to their own taste.<\/span><\/p>\n<p><span style=\"font-weight: 400;\">Nokare was active for about five years, performing in Finland and Iceland. The duo also created a program for children &#8211; &nbsp;the story written by themselves &#8211; that is performed in a narrative manner. <\/span><\/p>\n<p><!--:--><\/p>\n\n\n<figure class=\"wp-block-image\"><img decoding=\"async\" loading=\"lazy\" width=\"1024\" height=\"877\" src=\"http:\/\/www.miasimanainen.info\/blogi\/wp-content\/uploads\/2020\/02\/Duo-Nokare2-1024x877.jpg\" alt=\"\" class=\"wp-image-1886\" srcset=\"https:\/\/www.miasimanainen.info\/blogi\/wp-content\/uploads\/2020\/02\/Duo-Nokare2-1024x877.jpg 1024w, https:\/\/www.miasimanainen.info\/blogi\/wp-content\/uploads\/2020\/02\/Duo-Nokare2-300x257.jpg 300w, https:\/\/www.miasimanainen.info\/blogi\/wp-content\/uploads\/2020\/02\/Duo-Nokare2-768x658.jpg 768w, https:\/\/www.miasimanainen.info\/blogi\/wp-content\/uploads\/2020\/02\/Duo-Nokare2-10x10.jpg 10w, https:\/\/www.miasimanainen.info\/blogi\/wp-content\/uploads\/2020\/02\/Duo-Nokare2-600x514.jpg 600w\" sizes=\"(max-width: 767px) 89vw, (max-width: 1000px) 54vw, (max-width: 1071px) 543px, 580px\" \/><figcaption>Duo Nokare photos by Tanja Ahola <\/figcaption><\/figure>\n","protected":false},"excerpt":{"rendered":"<p>Kaisa Kulmala, pianoMia Simanainen, laulu Kipakka Nokare esitt\u00e4\u00e4 tunteikkaita ja oivaltavia sovituksiaan omista ja lainakappaleista jazzin hengess\u00e4. Vuonna 2007 perustettu yhtye esiintyi aktiivisesti Suomessa ja teki konserttimatkan my\u00f6s Islantiin. Lis\u00e4ksi kaksikko ty\u00f6sti suositun musiikkisatu-ohjelman \u2019Polly Papukaijan lomamatka\u2019. Yle on taltioinut ohjelmista kumpaisenkin. &nbsp; Duo Nokare Kaisa Kulmala, pianoMia Simanainen, vocals This dynamic couple sparkles with &hellip; <\/p>\n<p class=\"link-more\"><a href=\"https:\/\/www.miasimanainen.info\/blogi\/nokare\/\" class=\"more-link\">Continue reading<span class=\"screen-reader-text\"> &#8220;<!--:fi-->Duo Nokare<!--:-->&#8220;<\/span><\/a><\/p>\n","protected":false},"author":1,"featured_media":1503,"parent":0,"menu_order":5,"comment_status":"closed","ping_status":"closed","template":"","meta":[],"_links":{"self":[{"href":"https:\/\/www.miasimanainen.info\/blogi\/wp-json\/wp\/v2\/pages\/27"}],"collection":[{"href":"https:\/\/www.miasimanainen.info\/blogi\/wp-json\/wp\/v2\/pages"}],"about":[{"href":"https:\/\/www.miasimanainen.info\/blogi\/wp-json\/wp\/v2\/types\/page"}],"author":[{"embeddable":true,"href":"https:\/\/www.miasimanainen.info\/blogi\/wp-json\/wp\/v2\/users\/1"}],"replies":[{"embeddable":true,"href":"https:\/\/www.miasimanainen.info\/blogi\/wp-json\/wp\/v2\/comments?post=27"}],"version-history":[{"count":42,"href":"https:\/\/www.miasimanainen.info\/blogi\/wp-json\/wp\/v2\/pages\/27\/revisions"}],"predecessor-version":[{"id":2001,"href":"https:\/\/www.miasimanainen.info\/blogi\/wp-json\/wp\/v2\/pages\/27\/revisions\/2001"}],"wp:featuredmedia":[{"embeddable":true,"href":"https:\/\/www.miasimanainen.info\/blogi\/wp-json\/wp\/v2\/media\/1503"}],"wp:attachment":[{"href":"https:\/\/www.miasimanainen.info\/blogi\/wp-json\/wp\/v2\/media?parent=27"}],"curies":[{"name":"wp","href":"https:\/\/api.w.org\/{rel}","templated":true}]}}