{"id":335,"date":"2012-05-23T10:07:17","date_gmt":"2012-05-23T07:07:17","guid":{"rendered":"http:\/\/www.miasimanainen.info\/blogi\/?page_id=335"},"modified":"2024-04-16T17:09:53","modified_gmt":"2024-04-16T14:09:53","slug":"musiikki","status":"publish","type":"page","link":"https:\/\/www.miasimanainen.info\/blogi\/musiikki\/","title":{"rendered":"Julkaisut | Discography"},"content":{"rendered":"<h5><strong>Omaa tuotantoa \u00a0&#8211; As leader or co-leader<\/strong><\/h5>\r\n<p><span style=\"font-weight: 400;\">&#8211; Quartet Ajaton &#8220;Early Music in the Latest Way&#8221; (Alba Records) 2021<br \/><\/span><span style=\"font-weight: 400;\">&#8211; Mia Simanainen &#8220;Soi Helvi Juvonen&#8221; 2020<br \/><span style=\"font-weight: 400;\">&#8211; Quartet Ajaton \u201dElixir\u201d (Eclipse Music) 2106<br \/><\/span><span style=\"font-weight: 400;\">&#8211; Mia Simanainen &amp; Ahava \u201dMatka\u201d (Eclipse Music) 2012<br \/><\/span><span style=\"font-weight: 400;\">&#8211; JimJamMurMur (Texicalli) 2009<br \/><\/span><span style=\"font-weight: 400;\">&#8211; JimJamMurMur \u201dLauluhilloa Lapsenmielisille\u201d 2005<br \/><\/span><span style=\"font-weight: 400;\">&#8211; Ahava (Fiasko Records) 2001<\/span><br \/><\/span><\/p>\r\n<h5><strong>Vieraana \/ kuorossa \/ j\u00e4senen\u00e4 \u00a0&#8211; As guest, sideman or backing vocals<\/strong><\/h5>\r\n<p><span style=\"font-weight: 400;\">&#8211; Ara Yaralyan &#8220;Alone and together&#8221; 2023<br \/><\/span><span style=\"font-weight: 400;\">&#8211; Kari Ikonen Trio (Ozella Records) 2018<br \/><\/span><span style=\"font-weight: 400;\">&#8211; Karl Jenkins \u201dAdiemus Colores\u201d (Deutsche Grammophon) 2013<br \/><\/span><span style=\"font-weight: 400;\">&#8211; Karl Jenkins Adiemus V \u201cVocalise\u201d (EMI) 2003<br \/><\/span><span style=\"font-weight: 400;\">&#8211; Karl Jenkins Adiemus Live (Virgin Records) 2001<br \/><\/span><span style=\"font-weight: 400;\">&#8211; Galaxy \u201dL\u2019Insecurite\u201d (Global Music Centre) 2003<br \/><\/span><span style=\"font-weight: 400;\">&#8211; Ismo Alanko S\u00e4\u00e4ti\u00f6 \u201dSis\u00e4inen Solarium\u201d (Poko Records) 2000<br \/><\/span><span style=\"font-weight: 400;\">&#8211; Cuccone \u201dUni\u201d 2000<br \/><\/span><span style=\"font-weight: 400;\">&#8211; Maria Kalaniemi &amp; Aldargaz \u201dAhma\u201d (Rockadillo) 1999<br \/><\/span><span style=\"font-weight: 400;\">&#8211; \u201dKantelettaren parhaat\u201d (Ornament) 1999<br \/><\/span><span style=\"font-weight: 400;\">&#8211; Karl Jenkins Adiemus III \u201dDances of Time\u201d (Warner Classics) 1998<\/span><\/p>\r\n<h5><strong>Kokoelmat \u00a0&#8211; Compilations<\/strong><\/h5>\r\n<p><span style=\"font-weight: 400;\">-Mia Simanainen Quintet \/ \u201dPori Jazz Compilation\u201d <\/span><span style=\"font-weight: 400;\"><br \/>(Elements Music) 2011<br \/><\/span><span style=\"font-weight: 400;\">-Ahava \/ \u201dZoom -European Jazz Collectives\u201d (YOLK) 2007<br \/><\/span><span style=\"font-weight: 400;\">-Ahava \/ \u201cFinnish Jazz Vol.1\u201d (DVD, Johanna) 2005<br \/><\/span><span style=\"font-weight: 400;\">-\u201dPlay Modes\u201d Sibelius-Akatemian jazzmusiikin julkaisu<br \/>(Jazzweaver) 2000<br \/><\/span><span style=\"font-weight: 400;\">-Karl Jenkins \u201dThe Best of Adiemus-The Journey\u201d<br \/>(Virgin Records) 1999<br \/><\/span><span style=\"font-weight: 400;\">-\u201dLaulajia Jazztunnelmissa\u201dJazzarkiston julkaisu Vol. 6, Vuodet 1970-96 (F-Records) 1996<br \/><\/span><span style=\"font-weight: 400;\">-\u201dSounds in the Snow\u201d Sibelius-Akatemian jazzmusiikin julkaisu (Jazzweaver) 1995<\/span><\/p>\r\n\r\n<ul class=\"is-layout-flex wp-block-gallery-1 wp-block-gallery columns-3 is-cropped\">\r\n<li class=\"blocks-gallery-item\">\r\n<figure><img decoding=\"async\" loading=\"lazy\" width=\"900\" height=\"900\" class=\"wp-image-1941\" src=\"http:\/\/www.miasimanainen.info\/blogi\/wp-content\/uploads\/2020\/02\/Adiemus-colores-2.jpg\" alt=\"\" data-id=\"1941\" data-link=\"http:\/\/www.miasimanainen.info\/blogi\/musiikki\/adiemus-colores-2\/\" srcset=\"https:\/\/www.miasimanainen.info\/blogi\/wp-content\/uploads\/2020\/02\/Adiemus-colores-2.jpg 900w, https:\/\/www.miasimanainen.info\/blogi\/wp-content\/uploads\/2020\/02\/Adiemus-colores-2-150x150.jpg 150w, https:\/\/www.miasimanainen.info\/blogi\/wp-content\/uploads\/2020\/02\/Adiemus-colores-2-300x300.jpg 300w, https:\/\/www.miasimanainen.info\/blogi\/wp-content\/uploads\/2020\/02\/Adiemus-colores-2-768x768.jpg 768w, https:\/\/www.miasimanainen.info\/blogi\/wp-content\/uploads\/2020\/02\/Adiemus-colores-2-100x100.jpg 100w, https:\/\/www.miasimanainen.info\/blogi\/wp-content\/uploads\/2020\/02\/Adiemus-colores-2-10x10.jpg 10w, https:\/\/www.miasimanainen.info\/blogi\/wp-content\/uploads\/2020\/02\/Adiemus-colores-2-600x600.jpg 600w\" sizes=\"(max-width: 767px) 89vw, (max-width: 1000px) 54vw, (max-width: 1071px) 543px, 580px\" \/><\/figure>\r\n<\/li>\r\n<li class=\"blocks-gallery-item\">\r\n<figure><img decoding=\"async\" loading=\"lazy\" width=\"900\" height=\"900\" class=\"wp-image-1942\" src=\"http:\/\/www.miasimanainen.info\/blogi\/wp-content\/uploads\/2020\/02\/Adiemus-III-2.jpg\" alt=\"\" data-id=\"1942\" data-link=\"http:\/\/www.miasimanainen.info\/blogi\/musiikki\/adiemus-iii-2\/\" srcset=\"https:\/\/www.miasimanainen.info\/blogi\/wp-content\/uploads\/2020\/02\/Adiemus-III-2.jpg 900w, https:\/\/www.miasimanainen.info\/blogi\/wp-content\/uploads\/2020\/02\/Adiemus-III-2-150x150.jpg 150w, https:\/\/www.miasimanainen.info\/blogi\/wp-content\/uploads\/2020\/02\/Adiemus-III-2-300x300.jpg 300w, https:\/\/www.miasimanainen.info\/blogi\/wp-content\/uploads\/2020\/02\/Adiemus-III-2-768x768.jpg 768w, https:\/\/www.miasimanainen.info\/blogi\/wp-content\/uploads\/2020\/02\/Adiemus-III-2-100x100.jpg 100w, https:\/\/www.miasimanainen.info\/blogi\/wp-content\/uploads\/2020\/02\/Adiemus-III-2-10x10.jpg 10w, https:\/\/www.miasimanainen.info\/blogi\/wp-content\/uploads\/2020\/02\/Adiemus-III-2-600x600.jpg 600w\" sizes=\"(max-width: 767px) 89vw, (max-width: 1000px) 54vw, (max-width: 1071px) 543px, 580px\" \/><\/figure>\r\n<\/li>\r\n<li class=\"blocks-gallery-item\">\r\n<figure><img decoding=\"async\" loading=\"lazy\" width=\"473\" height=\"466\" class=\"wp-image-1943\" src=\"http:\/\/www.miasimanainen.info\/blogi\/wp-content\/uploads\/2020\/02\/Adiemus-kokoelma-2.jpg\" alt=\"\" data-id=\"1943\" data-link=\"http:\/\/www.miasimanainen.info\/blogi\/musiikki\/adiemus-kokoelma-2\/\" srcset=\"https:\/\/www.miasimanainen.info\/blogi\/wp-content\/uploads\/2020\/02\/Adiemus-kokoelma-2.jpg 473w, https:\/\/www.miasimanainen.info\/blogi\/wp-content\/uploads\/2020\/02\/Adiemus-kokoelma-2-300x296.jpg 300w, https:\/\/www.miasimanainen.info\/blogi\/wp-content\/uploads\/2020\/02\/Adiemus-kokoelma-2-100x100.jpg 100w, https:\/\/www.miasimanainen.info\/blogi\/wp-content\/uploads\/2020\/02\/Adiemus-kokoelma-2-10x10.jpg 10w\" sizes=\"(max-width: 473px) 100vw, 473px\" \/><\/figure>\r\n<\/li>\r\n<li class=\"blocks-gallery-item\">\r\n<figure><img decoding=\"async\" loading=\"lazy\" width=\"600\" height=\"588\" class=\"wp-image-1944\" src=\"http:\/\/www.miasimanainen.info\/blogi\/wp-content\/uploads\/2020\/02\/Adiemus-vocalise-2003-2.jpg\" alt=\"\" data-id=\"1944\" data-link=\"http:\/\/www.miasimanainen.info\/blogi\/musiikki\/adiemus-vocalise-2003-2\/\" srcset=\"https:\/\/www.miasimanainen.info\/blogi\/wp-content\/uploads\/2020\/02\/Adiemus-vocalise-2003-2.jpg 600w, https:\/\/www.miasimanainen.info\/blogi\/wp-content\/uploads\/2020\/02\/Adiemus-vocalise-2003-2-300x294.jpg 300w, https:\/\/www.miasimanainen.info\/blogi\/wp-content\/uploads\/2020\/02\/Adiemus-vocalise-2003-2-10x10.jpg 10w\" sizes=\"(max-width: 600px) 100vw, 600px\" \/><\/figure>\r\n<\/li>\r\n<li class=\"blocks-gallery-item\">\r\n<figure><img decoding=\"async\" loading=\"lazy\" width=\"500\" height=\"443\" class=\"wp-image-1945\" src=\"http:\/\/www.miasimanainen.info\/blogi\/wp-content\/uploads\/2020\/02\/Ahava-kopio-1.jpg\" alt=\"\" data-id=\"1945\" data-link=\"http:\/\/www.miasimanainen.info\/blogi\/musiikki\/ahava-kopio-1\/\" srcset=\"https:\/\/www.miasimanainen.info\/blogi\/wp-content\/uploads\/2020\/02\/Ahava-kopio-1.jpg 500w, https:\/\/www.miasimanainen.info\/blogi\/wp-content\/uploads\/2020\/02\/Ahava-kopio-1-300x266.jpg 300w, https:\/\/www.miasimanainen.info\/blogi\/wp-content\/uploads\/2020\/02\/Ahava-kopio-1-10x10.jpg 10w\" sizes=\"(max-width: 500px) 100vw, 500px\" \/><\/figure>\r\n<\/li>\r\n<li class=\"blocks-gallery-item\">\r\n<figure><img decoding=\"async\" loading=\"lazy\" width=\"1024\" height=\"905\" class=\"wp-image-1946\" src=\"http:\/\/www.miasimanainen.info\/blogi\/wp-content\/uploads\/2020\/02\/Ahava-matka-2011-levynkansi-kopio-1-1024x905.jpg\" alt=\"\" data-id=\"1946\" data-link=\"http:\/\/www.miasimanainen.info\/blogi\/musiikki\/ahava-matka-2011-levynkansi-kopio-1\/\" srcset=\"https:\/\/www.miasimanainen.info\/blogi\/wp-content\/uploads\/2020\/02\/Ahava-matka-2011-levynkansi-kopio-1-1024x905.jpg 1024w, https:\/\/www.miasimanainen.info\/blogi\/wp-content\/uploads\/2020\/02\/Ahava-matka-2011-levynkansi-kopio-1-300x265.jpg 300w, https:\/\/www.miasimanainen.info\/blogi\/wp-content\/uploads\/2020\/02\/Ahava-matka-2011-levynkansi-kopio-1-768x678.jpg 768w, https:\/\/www.miasimanainen.info\/blogi\/wp-content\/uploads\/2020\/02\/Ahava-matka-2011-levynkansi-kopio-1-10x10.jpg 10w, https:\/\/www.miasimanainen.info\/blogi\/wp-content\/uploads\/2020\/02\/Ahava-matka-2011-levynkansi-kopio-1-600x530.jpg 600w, https:\/\/www.miasimanainen.info\/blogi\/wp-content\/uploads\/2020\/02\/Ahava-matka-2011-levynkansi-kopio-1.jpg 1200w\" sizes=\"(max-width: 767px) 89vw, (max-width: 1000px) 54vw, (max-width: 1071px) 543px, 580px\" \/><\/figure>\r\n<\/li>\r\n<li class=\"blocks-gallery-item\">\r\n<figure><img decoding=\"async\" loading=\"lazy\" width=\"500\" height=\"500\" class=\"wp-image-1947\" src=\"http:\/\/www.miasimanainen.info\/blogi\/wp-content\/uploads\/2020\/02\/Cuccone2-2.jpg\" alt=\"\" data-id=\"1947\" data-link=\"http:\/\/www.miasimanainen.info\/blogi\/musiikki\/cuccone2-2\/\" srcset=\"https:\/\/www.miasimanainen.info\/blogi\/wp-content\/uploads\/2020\/02\/Cuccone2-2.jpg 500w, https:\/\/www.miasimanainen.info\/blogi\/wp-content\/uploads\/2020\/02\/Cuccone2-2-150x150.jpg 150w, https:\/\/www.miasimanainen.info\/blogi\/wp-content\/uploads\/2020\/02\/Cuccone2-2-300x300.jpg 300w, https:\/\/www.miasimanainen.info\/blogi\/wp-content\/uploads\/2020\/02\/Cuccone2-2-100x100.jpg 100w, https:\/\/www.miasimanainen.info\/blogi\/wp-content\/uploads\/2020\/02\/Cuccone2-2-10x10.jpg 10w\" sizes=\"(max-width: 500px) 100vw, 500px\" \/><\/figure>\r\n<\/li>\r\n<li class=\"blocks-gallery-item\">\r\n<figure><img decoding=\"async\" loading=\"lazy\" width=\"450\" height=\"400\" class=\"wp-image-1948\" src=\"http:\/\/www.miasimanainen.info\/blogi\/wp-content\/uploads\/2020\/02\/galaxy450-2.jpg\" alt=\"\" data-id=\"1948\" data-link=\"http:\/\/www.miasimanainen.info\/blogi\/musiikki\/galaxy450-2\/\" srcset=\"https:\/\/www.miasimanainen.info\/blogi\/wp-content\/uploads\/2020\/02\/galaxy450-2.jpg 450w, https:\/\/www.miasimanainen.info\/blogi\/wp-content\/uploads\/2020\/02\/galaxy450-2-300x267.jpg 300w, https:\/\/www.miasimanainen.info\/blogi\/wp-content\/uploads\/2020\/02\/galaxy450-2-10x10.jpg 10w\" sizes=\"(max-width: 450px) 100vw, 450px\" \/><\/figure>\r\n<\/li>\r\n<li class=\"blocks-gallery-item\">\r\n<figure><img decoding=\"async\" loading=\"lazy\" width=\"300\" height=\"300\" class=\"wp-image-1949\" src=\"http:\/\/www.miasimanainen.info\/blogi\/wp-content\/uploads\/2020\/02\/Ismo-Alanko-Saatio_Sisainen-solarium_5228-2.jpg\" alt=\"\" data-id=\"1949\" data-link=\"http:\/\/www.miasimanainen.info\/blogi\/musiikki\/ismo-alanko-saatio_sisainen-solarium_5228-2\/\" srcset=\"https:\/\/www.miasimanainen.info\/blogi\/wp-content\/uploads\/2020\/02\/Ismo-Alanko-Saatio_Sisainen-solarium_5228-2.jpg 300w, https:\/\/www.miasimanainen.info\/blogi\/wp-content\/uploads\/2020\/02\/Ismo-Alanko-Saatio_Sisainen-solarium_5228-2-150x150.jpg 150w, https:\/\/www.miasimanainen.info\/blogi\/wp-content\/uploads\/2020\/02\/Ismo-Alanko-Saatio_Sisainen-solarium_5228-2-100x100.jpg 100w, https:\/\/www.miasimanainen.info\/blogi\/wp-content\/uploads\/2020\/02\/Ismo-Alanko-Saatio_Sisainen-solarium_5228-2-10x10.jpg 10w\" sizes=\"(max-width: 300px) 100vw, 300px\" \/><\/figure>\r\n<\/li>\r\n<li class=\"blocks-gallery-item\">\r\n<figure><img decoding=\"async\" loading=\"lazy\" width=\"600\" height=\"537\" class=\"wp-image-1950\" src=\"http:\/\/www.miasimanainen.info\/blogi\/wp-content\/uploads\/2020\/02\/JimJamMurMur-kopio-1.jpg\" alt=\"\" data-id=\"1950\" data-link=\"http:\/\/www.miasimanainen.info\/blogi\/musiikki\/jimjammurmur-kopio-1\/\" srcset=\"https:\/\/www.miasimanainen.info\/blogi\/wp-content\/uploads\/2020\/02\/JimJamMurMur-kopio-1.jpg 600w, https:\/\/www.miasimanainen.info\/blogi\/wp-content\/uploads\/2020\/02\/JimJamMurMur-kopio-1-300x269.jpg 300w, https:\/\/www.miasimanainen.info\/blogi\/wp-content\/uploads\/2020\/02\/JimJamMurMur-kopio-1-10x10.jpg 10w\" sizes=\"(max-width: 600px) 100vw, 600px\" \/><\/figure>\r\n<\/li>\r\n<li class=\"blocks-gallery-item\">\r\n<figure><img decoding=\"async\" loading=\"lazy\" width=\"600\" height=\"609\" class=\"wp-image-1951\" src=\"http:\/\/www.miasimanainen.info\/blogi\/wp-content\/uploads\/2020\/02\/Kantelettaren-parhaat-2.jpg\" alt=\"\" data-id=\"1951\" data-link=\"http:\/\/www.miasimanainen.info\/blogi\/musiikki\/kantelettaren-parhaat-2\/\" srcset=\"https:\/\/www.miasimanainen.info\/blogi\/wp-content\/uploads\/2020\/02\/Kantelettaren-parhaat-2.jpg 600w, https:\/\/www.miasimanainen.info\/blogi\/wp-content\/uploads\/2020\/02\/Kantelettaren-parhaat-2-296x300.jpg 296w, https:\/\/www.miasimanainen.info\/blogi\/wp-content\/uploads\/2020\/02\/Kantelettaren-parhaat-2-10x10.jpg 10w\" sizes=\"(max-width: 600px) 100vw, 600px\" \/><\/figure>\r\n<\/li>\r\n<li class=\"blocks-gallery-item\">\r\n<figure><img decoding=\"async\" loading=\"lazy\" width=\"398\" height=\"398\" class=\"wp-image-1952\" src=\"http:\/\/www.miasimanainen.info\/blogi\/wp-content\/uploads\/2020\/02\/KIT-2.jpeg\" alt=\"\" data-id=\"1952\" data-link=\"http:\/\/www.miasimanainen.info\/blogi\/musiikki\/kit-2\/\" srcset=\"https:\/\/www.miasimanainen.info\/blogi\/wp-content\/uploads\/2020\/02\/KIT-2.jpeg 398w, https:\/\/www.miasimanainen.info\/blogi\/wp-content\/uploads\/2020\/02\/KIT-2-150x150.jpeg 150w, https:\/\/www.miasimanainen.info\/blogi\/wp-content\/uploads\/2020\/02\/KIT-2-300x300.jpeg 300w, https:\/\/www.miasimanainen.info\/blogi\/wp-content\/uploads\/2020\/02\/KIT-2-100x100.jpeg 100w, https:\/\/www.miasimanainen.info\/blogi\/wp-content\/uploads\/2020\/02\/KIT-2-10x10.jpeg 10w\" sizes=\"(max-width: 398px) 100vw, 398px\" \/><\/figure>\r\n<\/li>\r\n<li class=\"blocks-gallery-item\">\r\n<figure><img decoding=\"async\" loading=\"lazy\" width=\"600\" height=\"600\" class=\"wp-image-1953\" src=\"http:\/\/www.miasimanainen.info\/blogi\/wp-content\/uploads\/2020\/02\/Lauluhilloa-kopio-1.jpg\" alt=\"\" data-id=\"1953\" data-link=\"http:\/\/www.miasimanainen.info\/blogi\/musiikki\/lauluhilloa-kopio-1\/\" srcset=\"https:\/\/www.miasimanainen.info\/blogi\/wp-content\/uploads\/2020\/02\/Lauluhilloa-kopio-1.jpg 600w, https:\/\/www.miasimanainen.info\/blogi\/wp-content\/uploads\/2020\/02\/Lauluhilloa-kopio-1-150x150.jpg 150w, https:\/\/www.miasimanainen.info\/blogi\/wp-content\/uploads\/2020\/02\/Lauluhilloa-kopio-1-300x300.jpg 300w, https:\/\/www.miasimanainen.info\/blogi\/wp-content\/uploads\/2020\/02\/Lauluhilloa-kopio-1-100x100.jpg 100w, https:\/\/www.miasimanainen.info\/blogi\/wp-content\/uploads\/2020\/02\/Lauluhilloa-kopio-1-10x10.jpg 10w\" sizes=\"(max-width: 600px) 100vw, 600px\" \/><\/figure>\r\n<\/li>\r\n<li class=\"blocks-gallery-item\">\r\n<figure><img decoding=\"async\" loading=\"lazy\" width=\"300\" height=\"297\" class=\"wp-image-1954\" src=\"http:\/\/www.miasimanainen.info\/blogi\/wp-content\/uploads\/2020\/02\/Maria-kalaniemi-2.jpg\" alt=\"\" data-id=\"1954\" data-link=\"http:\/\/www.miasimanainen.info\/blogi\/musiikki\/maria-kalaniemi-2\/\" srcset=\"https:\/\/www.miasimanainen.info\/blogi\/wp-content\/uploads\/2020\/02\/Maria-kalaniemi-2.jpg 300w, https:\/\/www.miasimanainen.info\/blogi\/wp-content\/uploads\/2020\/02\/Maria-kalaniemi-2-150x150.jpg 150w, https:\/\/www.miasimanainen.info\/blogi\/wp-content\/uploads\/2020\/02\/Maria-kalaniemi-2-100x100.jpg 100w, https:\/\/www.miasimanainen.info\/blogi\/wp-content\/uploads\/2020\/02\/Maria-kalaniemi-2-10x10.jpg 10w\" sizes=\"(max-width: 300px) 100vw, 300px\" \/><\/figure>\r\n<\/li>\r\n<li class=\"blocks-gallery-item\">\r\n<figure><img decoding=\"async\" loading=\"lazy\" width=\"1024\" height=\"1024\" class=\"wp-image-1955\" src=\"http:\/\/www.miasimanainen.info\/blogi\/wp-content\/uploads\/2020\/02\/Ajaton_ElixiriTunes-kopio.jpg\" alt=\"\" data-id=\"1955\" data-link=\"http:\/\/www.miasimanainen.info\/blogi\/musiikki\/01_ajaton_12-indd-2\/\" srcset=\"https:\/\/www.miasimanainen.info\/blogi\/wp-content\/uploads\/2020\/02\/Ajaton_ElixiriTunes-kopio.jpg 1024w, https:\/\/www.miasimanainen.info\/blogi\/wp-content\/uploads\/2020\/02\/Ajaton_ElixiriTunes-kopio-150x150.jpg 150w, https:\/\/www.miasimanainen.info\/blogi\/wp-content\/uploads\/2020\/02\/Ajaton_ElixiriTunes-kopio-300x300.jpg 300w, https:\/\/www.miasimanainen.info\/blogi\/wp-content\/uploads\/2020\/02\/Ajaton_ElixiriTunes-kopio-768x768.jpg 768w, https:\/\/www.miasimanainen.info\/blogi\/wp-content\/uploads\/2020\/02\/Ajaton_ElixiriTunes-kopio-100x100.jpg 100w, https:\/\/www.miasimanainen.info\/blogi\/wp-content\/uploads\/2020\/02\/Ajaton_ElixiriTunes-kopio-10x10.jpg 10w, https:\/\/www.miasimanainen.info\/blogi\/wp-content\/uploads\/2020\/02\/Ajaton_ElixiriTunes-kopio-600x600.jpg 600w\" sizes=\"(max-width: 767px) 89vw, (max-width: 1000px) 54vw, (max-width: 1071px) 543px, 580px\" \/><\/figure>\r\n<\/li>\r\n<li class=\"blocks-gallery-item\">\r\n<figure><img decoding=\"async\" loading=\"lazy\" width=\"600\" height=\"612\" class=\"wp-image-1963\" src=\"http:\/\/www.miasimanainen.info\/blogi\/wp-content\/uploads\/2020\/03\/Laulajia-jazztunnelmissa.jpg\" alt=\"\" data-id=\"1963\" data-link=\"http:\/\/www.miasimanainen.info\/blogi\/musiikki\/laulajia-jazztunnelmissa\/\" srcset=\"https:\/\/www.miasimanainen.info\/blogi\/wp-content\/uploads\/2020\/03\/Laulajia-jazztunnelmissa.jpg 600w, https:\/\/www.miasimanainen.info\/blogi\/wp-content\/uploads\/2020\/03\/Laulajia-jazztunnelmissa-294x300.jpg 294w, https:\/\/www.miasimanainen.info\/blogi\/wp-content\/uploads\/2020\/03\/Laulajia-jazztunnelmissa-10x10.jpg 10w\" sizes=\"(max-width: 600px) 100vw, 600px\" \/><\/figure>\r\n<\/li>\r\n<li class=\"blocks-gallery-item\">\r\n<figure><img decoding=\"async\" loading=\"lazy\" width=\"1024\" height=\"1024\" class=\"wp-image-1964\" src=\"http:\/\/www.miasimanainen.info\/blogi\/wp-content\/uploads\/2020\/03\/3000x3000_mia-kopio-1024x1024.jpg\" alt=\"\" data-id=\"1964\" data-link=\"http:\/\/www.miasimanainen.info\/blogi\/musiikki\/3000x3000_mia-kopio-2\/\" srcset=\"https:\/\/www.miasimanainen.info\/blogi\/wp-content\/uploads\/2020\/03\/3000x3000_mia-kopio-1024x1024.jpg 1024w, https:\/\/www.miasimanainen.info\/blogi\/wp-content\/uploads\/2020\/03\/3000x3000_mia-kopio-150x150.jpg 150w, https:\/\/www.miasimanainen.info\/blogi\/wp-content\/uploads\/2020\/03\/3000x3000_mia-kopio-300x300.jpg 300w, https:\/\/www.miasimanainen.info\/blogi\/wp-content\/uploads\/2020\/03\/3000x3000_mia-kopio-768x768.jpg 768w, https:\/\/www.miasimanainen.info\/blogi\/wp-content\/uploads\/2020\/03\/3000x3000_mia-kopio-100x100.jpg 100w, https:\/\/www.miasimanainen.info\/blogi\/wp-content\/uploads\/2020\/03\/3000x3000_mia-kopio-10x10.jpg 10w, https:\/\/www.miasimanainen.info\/blogi\/wp-content\/uploads\/2020\/03\/3000x3000_mia-kopio-600x600.jpg 600w, https:\/\/www.miasimanainen.info\/blogi\/wp-content\/uploads\/2020\/03\/3000x3000_mia-kopio.jpg 1920w\" sizes=\"(max-width: 767px) 89vw, (max-width: 1000px) 54vw, (max-width: 1071px) 543px, 580px\" \/><\/figure>\r\n<\/li>\r\n<li class=\"blocks-gallery-item\">\r\n<figure><img decoding=\"async\" loading=\"lazy\" width=\"795\" height=\"716\" class=\"wp-image-2275\" src=\"http:\/\/www.miasimanainen.info\/blogi\/wp-content\/uploads\/2021\/02\/Levynkansi-Quartet-Ajaton-Alba.jpg\" alt=\"\" data-id=\"2275\" data-link=\"http:\/\/www.miasimanainen.info\/blogi\/musiikki\/levynkansi-quartet-ajaton-alba-2\/\" srcset=\"https:\/\/www.miasimanainen.info\/blogi\/wp-content\/uploads\/2021\/02\/Levynkansi-Quartet-Ajaton-Alba.jpg 795w, https:\/\/www.miasimanainen.info\/blogi\/wp-content\/uploads\/2021\/02\/Levynkansi-Quartet-Ajaton-Alba-300x270.jpg 300w, https:\/\/www.miasimanainen.info\/blogi\/wp-content\/uploads\/2021\/02\/Levynkansi-Quartet-Ajaton-Alba-768x692.jpg 768w, https:\/\/www.miasimanainen.info\/blogi\/wp-content\/uploads\/2021\/02\/Levynkansi-Quartet-Ajaton-Alba-10x10.jpg 10w, https:\/\/www.miasimanainen.info\/blogi\/wp-content\/uploads\/2021\/02\/Levynkansi-Quartet-Ajaton-Alba-600x540.jpg 600w\" sizes=\"(max-width: 767px) 89vw, (max-width: 1000px) 54vw, (max-width: 1071px) 543px, 580px\" \/><\/figure>\r\n<\/li>\r\n<\/ul>\r\n","protected":false},"excerpt":{"rendered":"<p>Omaa tuotantoa \u00a0&#8211; As leader or co-leader &#8211; Quartet Ajaton &#8220;Early Music in the Latest Way&#8221; (Alba Records) 2021&#8211; Mia Simanainen &#8220;Soi Helvi Juvonen&#8221; 2020&#8211; Quartet Ajaton \u201dElixir\u201d (Eclipse Music) 2106&#8211; Mia Simanainen &amp; Ahava \u201dMatka\u201d (Eclipse Music) 2012&#8211; JimJamMurMur (Texicalli) 2009&#8211; JimJamMurMur \u201dLauluhilloa Lapsenmielisille\u201d 2005&#8211; Ahava (Fiasko Records) 2001 Vieraana \/ kuorossa \/ j\u00e4senen\u00e4 &hellip; <\/p>\n<p class=\"link-more\"><a href=\"https:\/\/www.miasimanainen.info\/blogi\/musiikki\/\" class=\"more-link\">Continue reading<span class=\"screen-reader-text\"> &#8220;Julkaisut | Discography&#8221;<\/span><\/a><\/p>\n","protected":false},"author":1,"featured_media":0,"parent":0,"menu_order":0,"comment_status":"closed","ping_status":"closed","template":"","meta":[],"_links":{"self":[{"href":"https:\/\/www.miasimanainen.info\/blogi\/wp-json\/wp\/v2\/pages\/335"}],"collection":[{"href":"https:\/\/www.miasimanainen.info\/blogi\/wp-json\/wp\/v2\/pages"}],"about":[{"href":"https:\/\/www.miasimanainen.info\/blogi\/wp-json\/wp\/v2\/types\/page"}],"author":[{"embeddable":true,"href":"https:\/\/www.miasimanainen.info\/blogi\/wp-json\/wp\/v2\/users\/1"}],"replies":[{"embeddable":true,"href":"https:\/\/www.miasimanainen.info\/blogi\/wp-json\/wp\/v2\/comments?post=335"}],"version-history":[{"count":100,"href":"https:\/\/www.miasimanainen.info\/blogi\/wp-json\/wp\/v2\/pages\/335\/revisions"}],"predecessor-version":[{"id":2585,"href":"https:\/\/www.miasimanainen.info\/blogi\/wp-json\/wp\/v2\/pages\/335\/revisions\/2585"}],"wp:attachment":[{"href":"https:\/\/www.miasimanainen.info\/blogi\/wp-json\/wp\/v2\/media?parent=335"}],"curies":[{"name":"wp","href":"https:\/\/api.w.org\/{rel}","templated":true}]}}