{"id":349,"date":"2012-05-23T10:10:30","date_gmt":"2012-05-23T07:10:30","guid":{"rendered":"http:\/\/www.miasimanainen.info\/blogi\/?page_id=349"},"modified":"2019-01-29T14:04:36","modified_gmt":"2019-01-29T12:04:36","slug":"yksityistunnit","status":"publish","type":"page","link":"https:\/\/www.miasimanainen.info\/blogi\/yksityistunnit\/","title":{"rendered":"<!--:fi-->Yksityistunnit<!--:--><!--:en-->Private lessons<!--:-->"},"content":{"rendered":"<p><!--:--><!--:fi-->Olen tehnyt opetusty\u00f6t\u00e4 n. 25 vuotta, mm. Sibelius-Akatemiassa, Oulun ja Joensuun AMK:ssa sek\u00e4 vierailijana lukuisissa oppilaitoksissa. Jazzlaulun ja improvisoinnin lis\u00e4ksi olen erikoistunut itsen, oman \u00e4\u00e4nen ja \u201doman olemisen\u201d etsint\u00e4\u00e4n. Ja l\u00f6yt\u00e4miseen. Opetan sinua purkamaan laulusi esteit\u00e4 ja l\u00f6yt\u00e4m\u00e4\u00e4n sen<em> mit\u00e4 sin\u00e4 etsit.<\/em> Yksityistunti maksaa 65 \u20ac \/ 60 min. Voit sopia tunneista puhelimitse tai s\u00e4hk\u00f6postitse, opetan Helsingin Ullanlinnassa tiistaisin.<\/p>\n<p><!--:--><\/p>\n<p><!--:en-->I have taught singing about 25 years at The Sibelius-Academy (of the University of the Arts Helsinki) and other schools, institutions, camps and courses. My private tuition concentrates on seeing what&#8217;s essential in <em>your<\/em> singing and how to approach the possible obstacles in the way. I teach voice technics, jazz singing, interpretation and improvising. The price of a 60 min lesson is 65 \u20ac. You can book a lesson either by emailing or calling.<\/p>\n<p><!--:--><\/p>\n","protected":false},"excerpt":{"rendered":"<p>Olen tehnyt opetusty\u00f6t\u00e4 n. 25 vuotta, mm. Sibelius-Akatemiassa, Oulun ja Joensuun AMK:ssa sek\u00e4 vierailijana lukuisissa oppilaitoksissa. Jazzlaulun ja improvisoinnin lis\u00e4ksi olen erikoistunut itsen, oman \u00e4\u00e4nen ja \u201doman olemisen\u201d etsint\u00e4\u00e4n. Ja l\u00f6yt\u00e4miseen. Opetan sinua purkamaan laulusi esteit\u00e4 ja l\u00f6yt\u00e4m\u00e4\u00e4n sen mit\u00e4 sin\u00e4 etsit. Yksityistunti maksaa 65 \u20ac \/ 60 min. Voit sopia tunneista puhelimitse tai s\u00e4hk\u00f6postitse, &hellip; <\/p>\n<p class=\"link-more\"><a href=\"https:\/\/www.miasimanainen.info\/blogi\/yksityistunnit\/\" class=\"more-link\">Continue reading<span class=\"screen-reader-text\"> &#8220;<!--:fi-->Yksityistunnit<!--:--><!--:en-->Private lessons<!--:-->&#8220;<\/span><\/a><\/p>\n","protected":false},"author":1,"featured_media":252,"parent":0,"menu_order":0,"comment_status":"closed","ping_status":"closed","template":"sidebar-page.php","meta":[],"_links":{"self":[{"href":"https:\/\/www.miasimanainen.info\/blogi\/wp-json\/wp\/v2\/pages\/349"}],"collection":[{"href":"https:\/\/www.miasimanainen.info\/blogi\/wp-json\/wp\/v2\/pages"}],"about":[{"href":"https:\/\/www.miasimanainen.info\/blogi\/wp-json\/wp\/v2\/types\/page"}],"author":[{"embeddable":true,"href":"https:\/\/www.miasimanainen.info\/blogi\/wp-json\/wp\/v2\/users\/1"}],"replies":[{"embeddable":true,"href":"https:\/\/www.miasimanainen.info\/blogi\/wp-json\/wp\/v2\/comments?post=349"}],"version-history":[{"count":31,"href":"https:\/\/www.miasimanainen.info\/blogi\/wp-json\/wp\/v2\/pages\/349\/revisions"}],"predecessor-version":[{"id":1365,"href":"https:\/\/www.miasimanainen.info\/blogi\/wp-json\/wp\/v2\/pages\/349\/revisions\/1365"}],"wp:featuredmedia":[{"embeddable":true,"href":"https:\/\/www.miasimanainen.info\/blogi\/wp-json\/wp\/v2\/media\/252"}],"wp:attachment":[{"href":"https:\/\/www.miasimanainen.info\/blogi\/wp-json\/wp\/v2\/media?parent=349"}],"curies":[{"name":"wp","href":"https:\/\/api.w.org\/{rel}","templated":true}]}}